{"id":496,"date":"2020-05-27T13:11:03","date_gmt":"2020-05-27T11:11:03","guid":{"rendered":"https:\/\/www.wewasc.com\/?page_id=496"},"modified":"2026-05-04T23:14:35","modified_gmt":"2026-05-04T21:14:35","slug":"stockdog-termine","status":"publish","type":"page","link":"https:\/\/wewasc.com\/?page_id=496","title":{"rendered":""},"content":{"rendered":"\n<p class=\"has-text-align-center\">Bei der Anmeldung zu einem WEWASC e.V. Trial ist es dringend erforderlich<\/p>\n\n\n\n<p class=\"has-text-align-center has-red-color has-text-color\">DIE GEB\u00dcHREN ZUSAMMEN MIT DER ANMELDUNG ZU SCHICKEN!<\/p>\n\n\n\n<p class=\"has-text-align-center\">Das bedeutet: <br>ZUSAMMEN mit der Anmeldung MUSS der Beleg der \u00dcberweisung geschickt werden. Alle gemeldeten runs m\u00fcssen per \u00dcberweisung bezahlt werden. Ohne diesen Beleg wird die Anmeldung auf die Warteliste gesetzt.<\/p>\n\n\n\n<pre class=\"wp-block-preformatted\"><strong><mark style=\"background-color:rgba(0, 0, 0, 0)\" class=\"has-inline-color has-medium-brown-color\">Achtung! Es gibt jetzt nur mehr ein Bankkonto!<br>WEWASC e.V.: DE66501900000007248334<\/mark><\/strong><\/pre>\n\n\n\n<p class=\"has-text-align-center\">Jeder Trialteilnehmer muss einmalig der Anmeldung eine Datenschutzerkl\u00e4rung beif\u00fcgen.<\/p>\n\n\n\n<figure class=\"wp-block-pullquote alignfull has-light-orange-color has-text-color\"><blockquote><p><a href=\"https:\/\/www.wewasc.com\/?p=847\">DATENSCHUTZERKL\u00c4RUNG<\/a><\/p><\/blockquote><\/figure>\n\n\n\n<div class=\"wp-block-group\"><div class=\"wp-block-group__inner-container is-layout-flow wp-block-group-is-layout-flow\">\n<p class=\"has-text-align-center has-red-color has-text-color\">!!!Es wird gebeten, der Anmeldung zu einem Trial, Kontaktdaten eines Angeh\u00f6rigen f\u00fcr <\/p>\n\n\n\n<p class=\"has-text-align-center has-red-color has-text-color\">den Fall eines Unfalles beizuf\u00fcgen!!!<\/p>\n<\/div><\/div>\n\n\n\n<figure class=\"wp-block-table alignfull is-style-stripes\"><table><thead><tr><th>Datum<\/th><th>Veranstaltung<\/th><th>Ort<\/th><th class=\"has-text-align-center\" data-align=\"center\">Richter<\/th><th class=\"has-text-align-center\" data-align=\"center\">Entry Date<\/th><th class=\"has-text-align-left\" data-align=\"left\">Ausschreibung\/Premium<\/th><th>Sonstiges<\/th><\/tr><\/thead><tbody><tr><td><mark style=\"background-color:rgba(0, 0, 0, 0)\" class=\"has-inline-color has-red-color\"><\/mark><\/td><td><mark style=\"background-color:rgba(0, 0, 0, 0)\" class=\"has-inline-color has-red-color\">Termine f\u00fcr 2026<\/mark><\/td><td><\/td><td class=\"has-text-align-center\" data-align=\"center\"><\/td><td class=\"has-text-align-center\" data-align=\"center\"><\/td><td class=\"has-text-align-left\" data-align=\"left\"><\/td><td><\/td><\/tr><tr><td>22.04.2026<\/td><td>ASCA Sanctioned Farmtrials<\/td><td>63768 H\u00f6sbach &#8211; Deutschland<\/td><td class=\"has-text-align-center\" data-align=\"center\">Sandra Zilch &amp;<br>Susanne Schwarzmann<\/td><td class=\"has-text-align-center\" data-align=\"center\">02.-06.03.2026<\/td><td class=\"has-text-align-left\" data-align=\"left\"><a href=\"https:\/\/wewasc.com\/wp-d1b8d-content\/uploads\/2026\/02\/FarmtrialPremium_April_22_2026_neu.pdf\">Ausschreibung<br>Premium<\/a><\/td><td><\/td><\/tr><tr><td>23.-26.04.2026<\/td><td>ASCA Sanctioned Stockdog Trials<\/td><td>63768 H\u00f6sbach &#8211; Deutschland<\/td><td class=\"has-text-align-center\" data-align=\"center\">Sandra Zilch &amp;<br>Susanne Schwarzmann<\/td><td class=\"has-text-align-center\" data-align=\"center\">02.-06.03.2026<\/td><td class=\"has-text-align-left\" data-align=\"left\"><a href=\"https:\/\/wewasc.com\/wp-d1b8d-content\/uploads\/2026\/02\/Ausschreibung23.-26.April2026_Hoesbach.pdf\">Ausschreibung<\/a><br><a href=\"https:\/\/wewasc.com\/wp-d1b8d-content\/uploads\/2026\/02\/PremiumASCATrialsApril_23-26_2026_HoesbachGermany.pdf\">Premium<\/a><\/td><td><\/td><\/tr><tr><td>26.-27.05.2026<\/td><td>ASCA Sanctioned Stockdog Trials<\/td><td>63768 H\u00f6sbach &#8211; Deutschland<\/td><td class=\"has-text-align-center\" data-align=\"center\">Sandra Zilch &amp;<br>James Bergert &amp; <br>Susanne Schwarzmann<\/td><td class=\"has-text-align-center\" data-align=\"center\">04.-08.05.2026<\/td><td class=\"has-text-align-left\" data-align=\"left\"><a href=\"https:\/\/wewasc.com\/wp-d1b8d-content\/uploads\/2026\/03\/202605_27_30_31-AusschreibungASCATrials.pdf\">Ausschreibung<\/a><br><a href=\"https:\/\/wewasc.com\/wp-d1b8d-content\/uploads\/2026\/03\/202605_27_30_31-PremiumASCATrials.pdf\" data-type=\"attachment\" data-id=\"4508\">Premium<\/a><\/td><td><\/td><\/tr><tr><td>28.-29.05.2026<\/td><td>ASCA Sanctioned Ranchtrials<br>(Schafe)<\/td><td>63768 H\u00f6sbach &#8211; Deutschland<\/td><td class=\"has-text-align-center\" data-align=\"center\">Sandra Zilch &amp;<br>James Bergert<\/td><td class=\"has-text-align-center\" data-align=\"center\">04.-08.05.2026<\/td><td class=\"has-text-align-left\" data-align=\"left\"><a href=\"https:\/\/wewasc.com\/wp-d1b8d-content\/uploads\/2026\/03\/20260528_29_RanchtrialsPremiums.pdf\">Ausschreibung<br>Premium<\/a><\/td><td><\/td><\/tr><tr><td>28.-29.05.2026<\/td><td>ASCA Sanctioned Farmtrials<\/td><td>63768 H\u00f6sbach &#8211; Deutschland<\/td><td class=\"has-text-align-center\" data-align=\"center\">Sandra Zilch &amp;<br>James Bergert<\/td><td class=\"has-text-align-center\" data-align=\"center\">04.-08.05.2026<\/td><td class=\"has-text-align-left\" data-align=\"left\"><a href=\"https:\/\/wewasc.com\/wp-d1b8d-content\/uploads\/2026\/03\/20260528_29_Farmtrial-Premium-1.pdf\">Ausschreibung<br>Premium<\/a><\/td><td><\/td><\/tr><tr><td>30.-31.05.2026<\/td><td>ASCA Sanctioned Stockdog Trials<\/td><td>63768 H\u00f6sbach &#8211; Deutschland<\/td><td class=\"has-text-align-center\" data-align=\"center\">Sandra Zilch &amp;<br>James Bergert<\/td><td class=\"has-text-align-center\" data-align=\"center\">04.-08.05.2026<\/td><td class=\"has-text-align-left\" data-align=\"left\"><a href=\"https:\/\/wewasc.com\/wp-d1b8d-content\/uploads\/2026\/03\/202605_27_30_31-AusschreibungASCATrials.pdf\">Ausschreibung<\/a><br><a href=\"https:\/\/wewasc.com\/wp-d1b8d-content\/uploads\/2026\/03\/202605_27_30_31-PremiumASCATrials.pdf\" data-type=\"attachment\" data-id=\"4508\">Premium<\/a><\/td><td><\/td><\/tr><tr><td>03.06.2026<\/td><td>ASCA Sanctioned Farmtrials<\/td><td>88094 Oberteuringen\/Bodensee-Deutschland<\/td><td class=\"has-text-align-center\" data-align=\"center\">Sandra Zilch &amp;<br>James Bergert<\/td><td class=\"has-text-align-center\" data-align=\"center\">11.-17.05.2026<\/td><td class=\"has-text-align-left\" data-align=\"left\"><a href=\"https:\/\/wewasc.com\/wp-d1b8d-content\/uploads\/2026\/03\/20260603_Farmtrials-2026.pdf\">Ausschreibung<br>Premium<\/a><\/td><td><\/td><\/tr><tr><td>04.-07.06.2026<\/td><td>ASCA Sanctioned Stockdog Trials<\/td><td>88094 Oberteuringen\/Bodensee-Deutschland<\/td><td class=\"has-text-align-center\" data-align=\"center\">Sandra Zilch &amp;<br>James Bergert<\/td><td class=\"has-text-align-center\" data-align=\"center\">11.-17.05.2026<\/td><td class=\"has-text-align-left\" data-align=\"left\"><a href=\"https:\/\/wewasc.com\/wp-d1b8d-content\/uploads\/2026\/03\/20260604_07_Ausschreibung-Bodenseetrials.pdf\">Ausschreibung<br>Premium<\/a><\/td><td><\/td><\/tr><tr><td>07.-08.07.2026<\/td><td>ASCA Sanctioned Stockdog Trials<br>&amp; Vereinsmeisterschaft WEWASC<\/td><td>63768 H\u00f6sbach &#8211; Deutschland<\/td><td class=\"has-text-align-center\" data-align=\"center\">Marti Parrish<br>Maxine Schvaneveldt<\/td><td class=\"has-text-align-center\" data-align=\"center\">15.-19.06.2026<\/td><td class=\"has-text-align-left\" data-align=\"left\"><a href=\"https:\/\/wewasc.com\/wp-d1b8d-content\/uploads\/2026\/05\/Ausschreibung_July_2026_Hoesbach.pdf\">Ausschreibung<\/a><br>Premium<\/td><td><a href=\"https:\/\/wewasc.com\/wp-d1b8d-content\/uploads\/2026\/05\/RegelnWEWASCStockdogVereinsmeisterschaft.pdf\">Vereinsmeisterschaft<\/a><br>Achtung daf\u00fcr ist eine zus\u00e4tzliche <br>Geb\u00fchr von \u20ac 105,- zu entrichten!<\/td><\/tr><tr><td>09.-10.07.2026<\/td><td>ASCA Sanctioned Farmtrials <br>&amp; Vereinsmeisterschaft WEWASC<\/td><td>63768 H\u00f6sbach &#8211; Deutschland<\/td><td class=\"has-text-align-center\" data-align=\"center\">Marti Parrish<br>Maxine Schvaneveldt<\/td><td class=\"has-text-align-center\" data-align=\"center\">15.-19.06.2026<\/td><td class=\"has-text-align-left\" data-align=\"left\"><a href=\"https:\/\/wewasc.com\/wp-d1b8d-content\/uploads\/2026\/05\/FarmtrialPremium_July_2026.pdf\">Ausschreibung<br>Premium<\/a><\/td><td><a href=\"https:\/\/wewasc.com\/wp-d1b8d-content\/uploads\/2026\/05\/RegelnWEWASCStockdogVereinsmeisterschaft.pdf\">Vereinsmeisterschaft<\/a><br>Achtung daf\u00fcr ist eine zus\u00e4tzliche <br>Geb\u00fchr von \u20ac 105,- zu entrichten!<\/td><\/tr><tr><td>11.-12.07.2026<\/td><td>ASCA Sanctioned Stockdog Trials<br>&amp; Vereinsmeisterschaft WEWASC<\/td><td>63768 H\u00f6sbach &#8211; Deutschland<\/td><td class=\"has-text-align-center\" data-align=\"center\">Marti Parrish<br>Maxine Schvaneveldt<\/td><td class=\"has-text-align-center\" data-align=\"center\">15.-19.06.2026<\/td><td class=\"has-text-align-left\" data-align=\"left\"><a href=\"https:\/\/wewasc.com\/wp-d1b8d-content\/uploads\/2026\/05\/Ausschreibung_July_2026_Hoesbach.pdf\">Ausschreibung<\/a><br>Premium<br><\/td><td><a href=\"https:\/\/wewasc.com\/wp-d1b8d-content\/uploads\/2026\/05\/RegelnWEWASCStockdogVereinsmeisterschaft.pdf\">Vereinsmeisterschaft<\/a><br><a href=\"https:\/\/wewasc.com\/wp-d1b8d-content\/uploads\/2026\/05\/RegelnWEWASCStockdogVereinsmeisterschaft.pdf\">Vereinsmeisterschaft<\/a><br>Achtung daf\u00fcr ist eine zus\u00e4tzliche <br>Geb\u00fchr von \u20ac 105,- zu entrichten!<\/td><\/tr><tr><td>01.09.-02.09.2026<\/td><td>ASCA Sanctioned Stockdog Trials<\/td><td>63768 H\u00f6sbach &#8211; Deutschland<\/td><td class=\"has-text-align-center\" data-align=\"center\">Sandra Zilch &amp;<br>Susanne Schwarzmann<\/td><td class=\"has-text-align-center\" data-align=\"center\">27.-31.07.2026<\/td><td class=\"has-text-align-left\" data-align=\"left\"><\/td><td><\/td><\/tr><tr><td>03.-04.09.2026<\/td><td>ASCA Sanctioned Ranchtrials<br>(Schafe)<\/td><td>63768 H\u00f6sbach &#8211; Deutschland<\/td><td class=\"has-text-align-center\" data-align=\"center\">Sandra Zilch &amp;<br>Susanne Schwarzmann<\/td><td class=\"has-text-align-center\" data-align=\"center\">27.-31.07.2026<\/td><td class=\"has-text-align-left\" data-align=\"left\"><\/td><td><\/td><\/tr><tr><td>03.-04.09.2026<\/td><td>ASCA Sanctioned Farmtrials<\/td><td>63768 H\u00f6sbach &#8211; Deutschland<\/td><td class=\"has-text-align-center\" data-align=\"center\">Sandra Zilch &amp;<br>Susanne Schwarzmann<\/td><td class=\"has-text-align-center\" data-align=\"center\">27.-31.07.2026<\/td><td class=\"has-text-align-left\" data-align=\"left\"><\/td><td><\/td><\/tr><tr><td>05.-06.09.2026<\/td><td>ASCA Sanctioned Stockdog Trials<\/td><td>63768 H\u00f6sbach &#8211; Deutschland<\/td><td class=\"has-text-align-center\" data-align=\"center\">Sandra Zilch &amp;<br>Susanne Schwarzmann<\/td><td class=\"has-text-align-center\" data-align=\"center\">27.-31.07.2026<\/td><td class=\"has-text-align-left\" data-align=\"left\"><\/td><td><\/td><\/tr><tr><td>15.-18.10.2026<\/td><td>ASCA Sanctioned Farmtrials &amp; Stockdog Trials<\/td><td>88094 Oberteuringen\/Bodensee-Deutschland<\/td><td class=\"has-text-align-center\" data-align=\"center\"><\/td><td class=\"has-text-align-center\" data-align=\"center\"><\/td><td class=\"has-text-align-left\" data-align=\"left\"><\/td><td><\/td><\/tr><\/tbody><\/table><figcaption class=\"wp-element-caption\">ACHTUNG WICHTIG!!!&nbsp;<a href=\"https:\/\/www.wewasc.com\/?p=847\">Datenschutzeinwilligungserkl\u00e4rung<\/a><\/figcaption><\/figure>\n\n\n\n<p><\/p>\n\n\n\n<div class=\"wp-block-group\"><div class=\"wp-block-group__inner-container is-layout-flow wp-block-group-is-layout-flow\"><\/div><\/div>\n\n\n\n<p><\/p>\n","protected":false},"excerpt":{"rendered":"<p>Bei der Anmeldung zu einem WEWASC e.V. Trial ist es dringend erforderlich DIE GEB\u00dcHREN ZUSAMMEN MIT DER ANMELDUNG ZU SCHICKEN! Das bedeutet: ZUSAMMEN mit der Anmeldung MUSS der Beleg der \u00dcberweisung geschickt werden. Alle gemeldeten runs m\u00fcssen per \u00dcberweisung bezahlt werden. Ohne diesen Beleg wird die Anmeldung auf die Warteliste gesetzt. Achtung! Es gibt jetzt &hellip; <a href=\"https:\/\/wewasc.com\/?page_id=496\" class=\"more-link\"><span class=\"screen-reader-text\"><\/span> weiterlesen <span class=\"meta-nav\">&rarr;<\/span><\/a><\/p>\n","protected":false},"author":1,"featured_media":361,"parent":320,"menu_order":1,"comment_status":"closed","ping_status":"closed","template":"","meta":{"footnotes":""},"_links":{"self":[{"href":"https:\/\/wewasc.com\/index.php?rest_route=\/wp\/v2\/pages\/496"}],"collection":[{"href":"https:\/\/wewasc.com\/index.php?rest_route=\/wp\/v2\/pages"}],"about":[{"href":"https:\/\/wewasc.com\/index.php?rest_route=\/wp\/v2\/types\/page"}],"author":[{"embeddable":true,"href":"https:\/\/wewasc.com\/index.php?rest_route=\/wp\/v2\/users\/1"}],"replies":[{"embeddable":true,"href":"https:\/\/wewasc.com\/index.php?rest_route=%2Fwp%2Fv2%2Fcomments&post=496"}],"version-history":[{"count":388,"href":"https:\/\/wewasc.com\/index.php?rest_route=\/wp\/v2\/pages\/496\/revisions"}],"predecessor-version":[{"id":4549,"href":"https:\/\/wewasc.com\/index.php?rest_route=\/wp\/v2\/pages\/496\/revisions\/4549"}],"up":[{"embeddable":true,"href":"https:\/\/wewasc.com\/index.php?rest_route=\/wp\/v2\/pages\/320"}],"wp:featuredmedia":[{"embeddable":true,"href":"https:\/\/wewasc.com\/index.php?rest_route=\/wp\/v2\/media\/361"}],"wp:attachment":[{"href":"https:\/\/wewasc.com\/index.php?rest_route=%2Fwp%2Fv2%2Fmedia&parent=496"}],"curies":[{"name":"wp","href":"https:\/\/api.w.org\/{rel}","templated":true}]}}