{"id":3624,"date":"2023-07-04T13:58:20","date_gmt":"2023-07-04T11:58:20","guid":{"rendered":"https:\/\/wewasc.com\/?page_id=3624"},"modified":"2023-07-04T13:58:20","modified_gmt":"2023-07-04T11:58:20","slug":"asseo-kurse-2023","status":"publish","type":"page","link":"https:\/\/wewasc.com\/?page_id=3624","title":{"rendered":"ASSEO Kurse 2023"},"content":{"rendered":"\n<p class=\"has-text-align-center\">Das ASSEO Komitee erstellt f\u00fcr den zweiten Tag (= Finaltag, Sonntag) insgesamt 3 Kurse je Tierart nach der Art der ASCA Farmtrials f\u00fcr die Auswahl durch die Richter.<br><br>Da am Finaltag (Sonntag) jeder Hund pro Tierart 2x startet, w\u00e4hlen die Richter am Samstag, vor Beginn der ersten Ausscheidungsl\u00e4ufe, f\u00fcr diesen zweiten Tag der ASSEO, 2 der ver\u00f6ffentlichten Kurse je Tierart aus (zur Auswahl stehen pro Tierart<br>3 Kurse, das hei\u00dft, das ASSEO Komitee erstellt insgesamt 9 Farmtrialkurse).<\/p>\n\n\n\n<p class=\"has-text-align-center\">Alle Teilnehmer verpflichten sich, beim Umbau und Aufbau der Kurse mitzuhelfen.<\/p>\n\n\n\n<p class=\"has-text-align-center\"><a href=\"https:\/\/wewasc.com\/wp-d1b8d-content\/uploads\/2023\/06\/ASSEO2B20232BCattle2BFT.pdf\">Rinder<\/a><\/p>\n\n\n\n<p class=\"has-text-align-center\"><a href=\"https:\/\/wewasc.com\/wp-d1b8d-content\/uploads\/2023\/06\/ASSEO2B20232BSheep2BFT2BA4.pdf\">Schafe <\/a><\/p>\n\n\n\n<p class=\"has-text-align-center\"><a href=\"https:\/\/wewasc.com\/wp-d1b8d-content\/uploads\/2023\/06\/ASSEO2B20232BDuck2BFT.pdf\">Enten<\/a><\/p>\n","protected":false},"excerpt":{"rendered":"<p>Das ASSEO Komitee erstellt f\u00fcr den zweiten Tag (= Finaltag, Sonntag) insgesamt 3 Kurse je Tierart nach der Art der ASCA Farmtrials f\u00fcr die Auswahl durch die Richter. Da am Finaltag (Sonntag) jeder Hund pro Tierart 2x startet, w\u00e4hlen die Richter am Samstag, vor Beginn der ersten Ausscheidungsl\u00e4ufe, f\u00fcr diesen zweiten Tag der ASSEO, 2 &hellip; <a href=\"https:\/\/wewasc.com\/?page_id=3624\" class=\"more-link\"><span class=\"screen-reader-text\">ASSEO Kurse 2023<\/span> weiterlesen <span class=\"meta-nav\">&rarr;<\/span><\/a><\/p>\n","protected":false},"author":5,"featured_media":0,"parent":0,"menu_order":0,"comment_status":"closed","ping_status":"closed","template":"","meta":{"footnotes":""},"_links":{"self":[{"href":"https:\/\/wewasc.com\/index.php?rest_route=\/wp\/v2\/pages\/3624"}],"collection":[{"href":"https:\/\/wewasc.com\/index.php?rest_route=\/wp\/v2\/pages"}],"about":[{"href":"https:\/\/wewasc.com\/index.php?rest_route=\/wp\/v2\/types\/page"}],"author":[{"embeddable":true,"href":"https:\/\/wewasc.com\/index.php?rest_route=\/wp\/v2\/users\/5"}],"replies":[{"embeddable":true,"href":"https:\/\/wewasc.com\/index.php?rest_route=%2Fwp%2Fv2%2Fcomments&post=3624"}],"version-history":[{"count":1,"href":"https:\/\/wewasc.com\/index.php?rest_route=\/wp\/v2\/pages\/3624\/revisions"}],"predecessor-version":[{"id":3625,"href":"https:\/\/wewasc.com\/index.php?rest_route=\/wp\/v2\/pages\/3624\/revisions\/3625"}],"wp:attachment":[{"href":"https:\/\/wewasc.com\/index.php?rest_route=%2Fwp%2Fv2%2Fmedia&parent=3624"}],"curies":[{"name":"wp","href":"https:\/\/api.w.org\/{rel}","templated":true}]}}