{"id":340,"date":"2020-05-19T18:24:03","date_gmt":"2020-05-19T16:24:03","guid":{"rendered":"https:\/\/www.wewasc.com\/?page_id=340"},"modified":"2020-11-27T18:04:37","modified_gmt":"2020-11-27T16:04:37","slug":"hunde","status":"publish","type":"page","link":"https:\/\/wewasc.com\/?page_id=340","title":{"rendered":"Hunde"},"content":{"rendered":"\n<figure class=\"wp-block-table alignfull is-style-stripes\"><table><tbody><tr><td><strong>Bitte lesen Sie die<\/strong><br><br><a href=\"https:\/\/wewasc.com\/wp-d1b8d-content\/uploads\/2020\/11\/RequirementsForHPAdvertisements_dt.pdf\"><strong>\u00a0<\/strong>Anforderungen zur Ver\u00f6ffentlichung von Deckr\u00fcden, Wurfank\u00fcndigungen und Verkaufshunden auf der WEWASC e.V. Homepage<br><\/a><a href=\"https:\/\/wewasc.com\/wp-d1b8d-content\/uploads\/2020\/11\/RequirementsForHPAdvertisements_eng.pdf\">Regulations for the publication of studios, litters and dogs for sale on the WEWASC homepage<br><\/a><br><a href=\"https:\/\/wewasc.com\/wp-d1b8d-content\/uploads\/2020\/11\/DogsforSaleAd_Texteingabe.pdf\">Hundeverkauf Formular, bitte hier klicken<br>Click here for the form<\/a><\/td><td><\/td><\/tr><\/tbody><\/table><\/figure>\n\n\n\n<figure class=\"wp-block-table alignfull is-style-stripes\"><table><tbody><tr><td><\/td><td>Information<\/td><td>Kontakt<\/td><\/tr><tr><td><\/td><td><strong>Sire:<\/strong><br><strong>Dam:&nbsp;<\/strong><br><strong>Breeder:<\/strong><br><br><strong>Color:<\/strong><\/td><td><br><br>e-Mail:&nbsp;<\/td><\/tr><\/tbody><\/table><\/figure>\n","protected":false},"excerpt":{"rendered":"<p>Bitte lesen Sie die \u00a0Anforderungen zur Ver\u00f6ffentlichung von Deckr\u00fcden, Wurfank\u00fcndigungen und Verkaufshunden auf der WEWASC e.V. HomepageRegulations for the publication of studios, litters and dogs for sale on the WEWASC homepageHundeverkauf Formular, bitte hier klickenClick here for the form Information Kontakt Sire:Dam:&nbsp;Breeder: Color: e-Mail:&nbsp;<\/p>\n","protected":false},"author":1,"featured_media":0,"parent":21,"menu_order":3,"comment_status":"closed","ping_status":"closed","template":"","meta":{"footnotes":""},"_links":{"self":[{"href":"https:\/\/wewasc.com\/index.php?rest_route=\/wp\/v2\/pages\/340"}],"collection":[{"href":"https:\/\/wewasc.com\/index.php?rest_route=\/wp\/v2\/pages"}],"about":[{"href":"https:\/\/wewasc.com\/index.php?rest_route=\/wp\/v2\/types\/page"}],"author":[{"embeddable":true,"href":"https:\/\/wewasc.com\/index.php?rest_route=\/wp\/v2\/users\/1"}],"replies":[{"embeddable":true,"href":"https:\/\/wewasc.com\/index.php?rest_route=%2Fwp%2Fv2%2Fcomments&post=340"}],"version-history":[{"count":9,"href":"https:\/\/wewasc.com\/index.php?rest_route=\/wp\/v2\/pages\/340\/revisions"}],"predecessor-version":[{"id":1806,"href":"https:\/\/wewasc.com\/index.php?rest_route=\/wp\/v2\/pages\/340\/revisions\/1806"}],"up":[{"embeddable":true,"href":"https:\/\/wewasc.com\/index.php?rest_route=\/wp\/v2\/pages\/21"}],"wp:attachment":[{"href":"https:\/\/wewasc.com\/index.php?rest_route=%2Fwp%2Fv2%2Fmedia&parent=340"}],"curies":[{"name":"wp","href":"https:\/\/api.w.org\/{rel}","templated":true}]}}