{"id":334,"date":"2020-05-19T18:23:36","date_gmt":"2020-05-19T16:23:36","guid":{"rendered":"https:\/\/www.wewasc.com\/?page_id=334"},"modified":"2023-01-31T12:47:28","modified_gmt":"2023-01-31T10:47:28","slug":"welpen","status":"publish","type":"page","link":"https:\/\/wewasc.com\/?page_id=334","title":{"rendered":"Welpen"},"content":{"rendered":"\n<figure class=\"wp-block-table alignfull is-style-stripes\"><table><tbody><tr><td><strong>Bitte lesen Sie die<\/strong><br><br><a href=\"https:\/\/wewasc.com\/wp-d1b8d-content\/uploads\/2020\/11\/RequirementsForHPAdvertisements_dt.pdf\">Anforderungen zur Ver\u00f6ffentlichung von Deckr\u00fcden, Wurfank\u00fcndigungen und Verkaufshunden auf der WEWASC e.V. Homepage<\/a><br><a href=\"https:\/\/wewasc.com\/wp-d1b8d-content\/uploads\/2020\/11\/RequirementsForHPAdvertisements_eng.pdf\">Regulations for the publication of studios, litters and dogs for sale on the WEWASC e.V. homepage<br><\/a><br><a href=\"https:\/\/wewasc.com\/wp-d1b8d-content\/uploads\/2020\/11\/Puppiesad2011_neu_text.pdf\">Welpen Formular, bitte hier klicken<\/a><br><a href=\"https:\/\/wewasc.com\/wp-d1b8d-content\/uploads\/2020\/11\/Puppiesad2011_eng_neu_text.pdf\">Click here to submit your litter to this page<br><\/a><br>Die Anzeige wird 3 Monate nach der Geburt gel\u00f6scht!&nbsp;<\/td><td><img decoding=\"async\" src=\"https:\/\/www.wewasc.com\/images\/pups_sleeping_xgtrecay.jpg\" alt=\"\"><\/td><\/tr><\/tbody><\/table><\/figure>\n\n\n\n<figure class=\"wp-block-table alignfull is-style-stripes\"><table><tbody><tr><td>geboren \/ erwartet<\/td><td>Information<\/td><td>Kontakt<\/td><\/tr><tr><td><\/td><td><strong>Sire:<\/strong>&nbsp;<br><strong>Dam:<\/strong>&nbsp;<br><br><strong>Breeder<\/strong>:&nbsp;<\/td><td><br><br><br>E-Mail<br><\/td><\/tr><\/tbody><\/table><\/figure>\n","protected":false},"excerpt":{"rendered":"<p>Bitte lesen Sie die Anforderungen zur Ver\u00f6ffentlichung von Deckr\u00fcden, Wurfank\u00fcndigungen und Verkaufshunden auf der WEWASC e.V. HomepageRegulations for the publication of studios, litters and dogs for sale on the WEWASC e.V. homepageWelpen Formular, bitte hier klickenClick here to submit your litter to this pageDie Anzeige wird 3 Monate nach der Geburt gel\u00f6scht!&nbsp; geboren \/ erwartet &hellip; <a href=\"https:\/\/wewasc.com\/?page_id=334\" class=\"more-link\"><span class=\"screen-reader-text\">Welpen<\/span> weiterlesen <span class=\"meta-nav\">&rarr;<\/span><\/a><\/p>\n","protected":false},"author":1,"featured_media":1727,"parent":21,"menu_order":1,"comment_status":"closed","ping_status":"closed","template":"","meta":{"footnotes":""},"_links":{"self":[{"href":"https:\/\/wewasc.com\/index.php?rest_route=\/wp\/v2\/pages\/334"}],"collection":[{"href":"https:\/\/wewasc.com\/index.php?rest_route=\/wp\/v2\/pages"}],"about":[{"href":"https:\/\/wewasc.com\/index.php?rest_route=\/wp\/v2\/types\/page"}],"author":[{"embeddable":true,"href":"https:\/\/wewasc.com\/index.php?rest_route=\/wp\/v2\/users\/1"}],"replies":[{"embeddable":true,"href":"https:\/\/wewasc.com\/index.php?rest_route=%2Fwp%2Fv2%2Fcomments&post=334"}],"version-history":[{"count":16,"href":"https:\/\/wewasc.com\/index.php?rest_route=\/wp\/v2\/pages\/334\/revisions"}],"predecessor-version":[{"id":3484,"href":"https:\/\/wewasc.com\/index.php?rest_route=\/wp\/v2\/pages\/334\/revisions\/3484"}],"up":[{"embeddable":true,"href":"https:\/\/wewasc.com\/index.php?rest_route=\/wp\/v2\/pages\/21"}],"wp:featuredmedia":[{"embeddable":true,"href":"https:\/\/wewasc.com\/index.php?rest_route=\/wp\/v2\/media\/1727"}],"wp:attachment":[{"href":"https:\/\/wewasc.com\/index.php?rest_route=%2Fwp%2Fv2%2Fmedia&parent=334"}],"curies":[{"name":"wp","href":"https:\/\/api.w.org\/{rel}","templated":true}]}}