{"id":330,"date":"2020-05-19T18:21:32","date_gmt":"2020-05-19T16:21:32","guid":{"rendered":"https:\/\/www.wewasc.com\/?page_id=330"},"modified":"2026-02-04T23:02:19","modified_gmt":"2026-02-04T21:02:19","slug":"trainingsmoeglichkeiten","status":"publish","type":"page","link":"https:\/\/wewasc.com\/?page_id=330","title":{"rendered":"Trainingsm\u00f6glichkeiten"},"content":{"rendered":"\n<p class=\"has-text-align-center\"><strong>Wir freuen uns \u00fcber Mitglieder, die hier Trainingsm\u00f6glichkeiten anbieten. <\/strong><br><strong>WEWASC e.V. ist allerdings f\u00fcr die Qualit\u00e4t des Trainings nicht verantwortlich, <\/strong><br><strong>da der Verein derzeit die Trainingseinrichtungen nicht zertifiziert.<\/strong><\/p>\n\n\n\n<div class=\"wp-block-columns are-vertically-aligned-top is-layout-flex wp-container-core-columns-is-layout-1 wp-block-columns-is-layout-flex\">\n<div class=\"wp-block-column is-vertically-aligned-top is-layout-flow wp-block-column-is-layout-flow\">\n<figure class=\"wp-block-image\"><a href=\"https:\/\/wewasc.com\/wp-d1b8d-content\/uploads\/2020\/11\/fl_sm_ger.jpg\"><img loading=\"lazy\" decoding=\"async\" width=\"51\" height=\"29\" src=\"https:\/\/wewasc.com\/wp-d1b8d-content\/uploads\/2020\/11\/fl_sm_ger.jpg\" alt=\"\" class=\"wp-image-1708\"\/><\/a><\/figure>\n\n\n\n<p>Sandra &amp; Lorenz Zilch<br>S Bar L Australian Shepherds<br>Haibachestr. 118<br>63768 H\u00f6sbach<br>Deutschland<\/p>\n\n\n\n<p>Tel: +49 (0) 6021 69689<br><a href=\"mailto:sandrazilch@sbarlaussies.de\">Email<\/a><br><a href=\"https:\/\/sbarlaussies.de\/\">Homepage<\/a><\/p>\n\n\n\n<p><\/p>\n\n\n\n<figure class=\"wp-block-image\"><a href=\"https:\/\/wewasc.com\/wp-d1b8d-content\/uploads\/2020\/11\/fl_sm_ger.jpg\"><img loading=\"lazy\" decoding=\"async\" width=\"51\" height=\"29\" src=\"https:\/\/wewasc.com\/wp-d1b8d-content\/uploads\/2020\/11\/fl_sm_ger.jpg\" alt=\"\" class=\"wp-image-1708\"\/><\/a><\/figure>\n\n\n\n<p>Spotted Horse Ranch<br>Elke &amp; Axel Ritter<br>Gr\u00fcnlandweg 65<br>48529 Nordhorn<br>Deutschland<\/p>\n\n\n\n<p>Tel +49 (0) 5921 &#8211; 713 5951 oder <br>+49 (0) 177 &#8211; 2228318<br><a href=\"mailto:slinkykeen@gmx.de\">Email<\/a><br><a href=\"http:\/\/www.spotted-horse-ranch.de\">Homepage<\/a><\/p>\n\n\n\n<p><\/p>\n\n\n\n<figure class=\"wp-block-image\"><a href=\"https:\/\/wewasc.com\/wp-d1b8d-content\/uploads\/2020\/11\/fl_sm_ger.jpg\"><img loading=\"lazy\" decoding=\"async\" width=\"51\" height=\"29\" src=\"https:\/\/wewasc.com\/wp-d1b8d-content\/uploads\/2020\/11\/fl_sm_ger.jpg\" alt=\"\" class=\"wp-image-1708\"\/><\/a><\/figure>\n\n\n\n<p>Juliane Weiel<br>Two Coasts Aussies<br>Neuenf\u00e4hre 25<br>25799 Wrohm<br>Deutschland<\/p>\n\n\n\n<p>Tel +49 (0) 4802\/751775<br><a href=\"mailto:scout_jule@gmx.de\">Email<\/a><br><a href=\"https:\/\/www.two-coasts-aussies.de\/\" target=\"_blank\" rel=\"noreferrer noopener\">Homepage<\/a><br><br><\/p>\n<\/div>\n\n\n\n<div class=\"wp-block-column is-vertically-aligned-top is-layout-flow wp-block-column-is-layout-flow\">\n<figure class=\"wp-block-image\"><a href=\"https:\/\/wewasc.com\/wp-d1b8d-content\/uploads\/2020\/11\/fl_sm_ger.jpg\"><img loading=\"lazy\" decoding=\"async\" width=\"51\" height=\"29\" src=\"https:\/\/wewasc.com\/wp-d1b8d-content\/uploads\/2020\/11\/fl_sm_ger.jpg\" alt=\"\" class=\"wp-image-1708\"\/><\/a><\/figure>\n\n\n\n<p>Nicole Knor<br>Bluelake Aussies<br><br>88094 Oberteuringen\/ Rammetshofen<br>Deutschland<\/p>\n\n\n\n<p>Tel +49 754175558 oder\u00a0+49 1607805069<br>Training an Schafen nach Absprache und mehrmals im Jahr H\u00fcteseminare\u00a0<\/p>\n\n\n\n<p><\/p>\n\n\n\n<figure class=\"wp-block-image\"><a href=\"https:\/\/wewasc.com\/wp-d1b8d-content\/uploads\/2020\/11\/fl_sm_austria.gif\"><img loading=\"lazy\" decoding=\"async\" width=\"62\" height=\"39\" src=\"https:\/\/wewasc.com\/wp-d1b8d-content\/uploads\/2020\/11\/fl_sm_austria.gif\" alt=\"\" class=\"wp-image-1710\"\/><\/a><\/figure>\n\n\n\n<p>Susanne Schwarzmann<br>Let&#8217;s talk about Australian Shepherds<br>F. Porsche G. 26<br>2603 Felixdorf<br>\u00d6sterreich<\/p>\n\n\n\n<p>Tel: +43 699 11106440&nbsp;<br><a href=\"mailto:susanne@aussie.at\">Email<\/a><br><a href=\"http:\/\/www.aussie.at\/\" target=\"_blank\" rel=\"noreferrer noopener\">Homepage<\/a><\/p>\n\n\n\n<p><\/p>\n\n\n\n<figure class=\"wp-block-image is-resized\"><a href=\"https:\/\/wewasc.com\/wp-d1b8d-content\/uploads\/2020\/11\/fl_sm_switz.jpg\"><img loading=\"lazy\" decoding=\"async\" width=\"32\" height=\"32\" src=\"https:\/\/wewasc.com\/wp-d1b8d-content\/uploads\/2020\/11\/fl_sm_switz.jpg\" alt=\"\" class=\"wp-image-1711\" style=\"width:50px;height:50px\"\/><\/a><\/figure>\n\n\n\n<p>Raphaelle Hischier<br>Dorfstrasse 9<br>CH-8164 Bachs<br>Schweiz<\/p>\n\n\n\n<p>Tel: +41\/(0)79 352 07 42<br><a href=\"mailto:raphi@hischier.ch\">Email<\/a><\/p>\n<\/div>\n<\/div>\n","protected":false},"excerpt":{"rendered":"<p>Wir freuen uns \u00fcber Mitglieder, die hier Trainingsm\u00f6glichkeiten anbieten. WEWASC e.V. ist allerdings f\u00fcr die Qualit\u00e4t des Trainings nicht verantwortlich, da der Verein derzeit die Trainingseinrichtungen nicht zertifiziert. Sandra &amp; Lorenz ZilchS Bar L Australian ShepherdsHaibachestr. 11863768 H\u00f6sbachDeutschland Tel: +49 (0) 6021 69689EmailHomepage Spotted Horse RanchElke &amp; Axel RitterGr\u00fcnlandweg 6548529 NordhornDeutschland Tel +49 (0) 5921 &hellip; <a href=\"https:\/\/wewasc.com\/?page_id=330\" class=\"more-link\"><span class=\"screen-reader-text\">Trainingsm\u00f6glichkeiten<\/span> weiterlesen <span class=\"meta-nav\">&rarr;<\/span><\/a><\/p>\n","protected":false},"author":1,"featured_media":0,"parent":19,"menu_order":2,"comment_status":"closed","ping_status":"closed","template":"","meta":{"footnotes":""},"_links":{"self":[{"href":"https:\/\/wewasc.com\/index.php?rest_route=\/wp\/v2\/pages\/330"}],"collection":[{"href":"https:\/\/wewasc.com\/index.php?rest_route=\/wp\/v2\/pages"}],"about":[{"href":"https:\/\/wewasc.com\/index.php?rest_route=\/wp\/v2\/types\/page"}],"author":[{"embeddable":true,"href":"https:\/\/wewasc.com\/index.php?rest_route=\/wp\/v2\/users\/1"}],"replies":[{"embeddable":true,"href":"https:\/\/wewasc.com\/index.php?rest_route=%2Fwp%2Fv2%2Fcomments&post=330"}],"version-history":[{"count":39,"href":"https:\/\/wewasc.com\/index.php?rest_route=\/wp\/v2\/pages\/330\/revisions"}],"predecessor-version":[{"id":4438,"href":"https:\/\/wewasc.com\/index.php?rest_route=\/wp\/v2\/pages\/330\/revisions\/4438"}],"up":[{"embeddable":true,"href":"https:\/\/wewasc.com\/index.php?rest_route=\/wp\/v2\/pages\/19"}],"wp:attachment":[{"href":"https:\/\/wewasc.com\/index.php?rest_route=%2Fwp%2Fv2%2Fmedia&parent=330"}],"curies":[{"name":"wp","href":"https:\/\/api.w.org\/{rel}","templated":true}]}}