{"id":282,"date":"2020-05-19T17:57:43","date_gmt":"2020-05-19T15:57:43","guid":{"rendered":"https:\/\/www.wewasc.com\/?page_id=282"},"modified":"2023-07-28T15:27:10","modified_gmt":"2023-07-28T13:27:10","slug":"rally-obedience","status":"publish","type":"page","link":"https:\/\/wewasc.com\/?page_id=282","title":{"rendered":"Rally &#8211; Ergebnisse"},"content":{"rendered":"\n<figure class=\"wp-block-table alignwide is-style-stripes\"><table class=\"has-background has-fixed-layout\" style=\"background-color:#e9fbe5\"><tbody><tr><td><strong>ASCA Rally Trials 2023<\/strong><\/td><td><\/td><\/tr><tr><td>14.07.2023 &#8211; PM &#8211; Gudrun Dytrych<\/td><td><a href=\"https:\/\/wewasc.com\/wp-d1b8d-content\/uploads\/2023\/07\/Trial-Report_41061.pdf\">Rally Trials bei HSV Weilheim u.U. e.V., Deutschland<\/a><\/td><\/tr><tr><td>14.07.2023 &#8211; AM &#8211; Heidi Iverson<\/td><td><a href=\"https:\/\/wewasc.com\/wp-d1b8d-content\/uploads\/2023\/07\/Trial-Report_41060.pdf\">Rally Trials bei HSV Weilheim u.U. e.V., Deutschland<\/a><\/td><\/tr><tr><td>13.07.2023 &#8211; PM &#8211; Gudrun Dytrych<\/td><td><a href=\"https:\/\/wewasc.com\/wp-d1b8d-content\/uploads\/2023\/07\/Trial-Report_41059.pdf\">Rally Trials bei HSV Weilheim u.U. e.V., Deutschland<\/a><\/td><\/tr><tr><td>13.07.2023 &#8211; AM1 &#8211; Heidi Iverson<\/td><td><a href=\"https:\/\/wewasc.com\/wp-d1b8d-content\/uploads\/2023\/07\/Trial-Report_41058.pdf\">Rally Trials bei HSV Weilheim u.U. e.V., Deutschland<\/a><\/td><\/tr><tr><td><strong>ASCA Rally Trials 2021<\/strong><\/td><td><\/td><\/tr><tr><td>26.08.2021 &#8211; PM2 &#8211; Andrea Hoffmann<\/td><td><a href=\"https:\/\/wewasc.com\/wp-d1b8d-content\/uploads\/2021\/09\/RPT_RallytrailASCAReport_37301.pdf\">Rally Trials in B\u00f6heimkirchen &#8211; N\u00d6, \u00d6sterreich<\/a><\/td><\/tr><tr><td>26.08.2021 &#8211; PM1 &#8211; G\u00fcnter Geisel<\/td><td><a href=\"https:\/\/wewasc.com\/wp-d1b8d-content\/uploads\/2021\/09\/RPT_RallytrailASCAReport_37300.pdf\">Rally Trials in B\u00f6heimkirchen &#8211; N\u00d6, \u00d6sterreich<\/a><\/td><\/tr><tr><td>26.08.2021 &#8211; AM1 &#8211; Andrea Hoffmann<\/td><td><a href=\"https:\/\/wewasc.com\/wp-d1b8d-content\/uploads\/2021\/09\/RPT_RallytrailASCAReport_37299.pdf\">Rally Trials in B\u00f6heimkirchen &#8211; N\u00d6, \u00d6sterreich<\/a><\/td><\/tr><tr><td>25.08.2021 &#8211; PM1 &#8211; Andrea Hoffmann<\/td><td><a href=\"https:\/\/wewasc.com\/wp-d1b8d-content\/uploads\/2021\/09\/RPT_RallytrailASCAReport_37298.pdf\">Rally Trials in B\u00f6heimkirchen &#8211; N\u00d6, \u00d6sterreich<\/a><\/td><\/tr><tr><td>25.08.2021 &#8211; AM2 &#8211; G\u00fcnter Geisel<\/td><td><a href=\"https:\/\/wewasc.com\/wp-d1b8d-content\/uploads\/2021\/09\/RPT_RallytrailASCAReport_37297.pdf\">Rally Trials in B\u00f6heimkirchen &#8211; N\u00d6, \u00d6sterreich<\/a><\/td><\/tr><tr><td>25.08.2021 &#8211; AM1 &#8211; Andrea Hoffmann<\/td><td><a href=\"https:\/\/wewasc.com\/wp-d1b8d-content\/uploads\/2021\/09\/RPT_RallytrailASCAReport_37296.pdf\">Rally Trials in B\u00f6heimkirchen &#8211; N\u00d6, \u00d6sterreich<\/a><\/td><\/tr><tr><td>29.07.2021 &#8211; AM &#8211; G\u00fcnter Geisel<\/td><td><a href=\"https:\/\/wewasc.com\/wp-d1b8d-content\/uploads\/2021\/09\/RPT_RallytrailASCAReport_am.pdf\">Rally Trial in St. Margarethen\/Raab &#8211; N\u00d6, \u00d6sterreich<\/a><\/td><\/tr><tr><td>29.07.2021 &#8211; PM &#8211; G\u00fcnter Geisel<\/td><td><a href=\"https:\/\/wewasc.com\/wp-d1b8d-content\/uploads\/2021\/09\/RPT_RallytrailASCAReport_pm.pdf\">Rally Trial in St. Margarethen\/Raab &#8211; N\u00d6, \u00d6sterreich<\/a><\/td><\/tr><tr><td><strong>ASCA Rally Trials 2020<\/strong><\/td><td><\/td><\/tr><tr><td>30.07.2020 &#8211; AM<\/td><td><a href=\"https:\/\/wewasc.com\/wp-d1b8d-content\/uploads\/2020\/11\/20200730_Einzelergebnisse_Rally-Trial-Report_am.pdf\">Rally Trial in St. Margarethen\/Raab &#8211; N\u00d6, \u00d6sterreich<\/a><\/td><\/tr><tr><td>30.07.2020 &#8211; PM<\/td><td><a href=\"https:\/\/wewasc.com\/wp-d1b8d-content\/uploads\/2020\/11\/20200730_Einzelergebnisse_Rally-Trial-Report_pm.pdf\">Rally Trial in St. Margarethen\/Raab &#8211; N\u00d6, \u00d6sterreich<\/a><\/td><\/tr><tr><td>27.08.2020<\/td><td><a href=\"https:\/\/wewasc.com\/wp-d1b8d-content\/uploads\/2020\/11\/20200827_Einzelergebnisse-Rally.pdf\">Rally Trial bei HSV Weilheim u.U. e.V., Deutschland<\/a><\/td><\/tr><tr><td><\/td><td><\/td><\/tr><\/tbody><\/table><\/figure>\n","protected":false},"excerpt":{"rendered":"<p>ASCA Rally Trials 2023 14.07.2023 &#8211; PM &#8211; Gudrun Dytrych Rally Trials bei HSV Weilheim u.U. e.V., Deutschland 14.07.2023 &#8211; AM &#8211; Heidi Iverson Rally Trials bei HSV Weilheim u.U. e.V., Deutschland 13.07.2023 &#8211; PM &#8211; Gudrun Dytrych Rally Trials bei HSV Weilheim u.U. e.V., Deutschland 13.07.2023 &#8211; AM1 &#8211; Heidi Iverson Rally Trials bei &hellip; <a href=\"https:\/\/wewasc.com\/?page_id=282\" class=\"more-link\"><span class=\"screen-reader-text\">Rally &#8211; Ergebnisse<\/span> weiterlesen <span class=\"meta-nav\">&rarr;<\/span><\/a><\/p>\n","protected":false},"author":1,"featured_media":0,"parent":254,"menu_order":3,"comment_status":"closed","ping_status":"closed","template":"","meta":{"footnotes":""},"_links":{"self":[{"href":"https:\/\/wewasc.com\/index.php?rest_route=\/wp\/v2\/pages\/282"}],"collection":[{"href":"https:\/\/wewasc.com\/index.php?rest_route=\/wp\/v2\/pages"}],"about":[{"href":"https:\/\/wewasc.com\/index.php?rest_route=\/wp\/v2\/types\/page"}],"author":[{"embeddable":true,"href":"https:\/\/wewasc.com\/index.php?rest_route=\/wp\/v2\/users\/1"}],"replies":[{"embeddable":true,"href":"https:\/\/wewasc.com\/index.php?rest_route=%2Fwp%2Fv2%2Fcomments&post=282"}],"version-history":[{"count":26,"href":"https:\/\/wewasc.com\/index.php?rest_route=\/wp\/v2\/pages\/282\/revisions"}],"predecessor-version":[{"id":3699,"href":"https:\/\/wewasc.com\/index.php?rest_route=\/wp\/v2\/pages\/282\/revisions\/3699"}],"up":[{"embeddable":true,"href":"https:\/\/wewasc.com\/index.php?rest_route=\/wp\/v2\/pages\/254"}],"wp:attachment":[{"href":"https:\/\/wewasc.com\/index.php?rest_route=%2Fwp%2Fv2%2Fmedia&parent=282"}],"curies":[{"name":"wp","href":"https:\/\/api.w.org\/{rel}","templated":true}]}}