{"id":276,"date":"2020-05-19T17:57:26","date_gmt":"2020-05-19T15:57:26","guid":{"rendered":"https:\/\/www.wewasc.com\/?page_id=276"},"modified":"2023-07-28T12:49:37","modified_gmt":"2023-07-28T10:49:37","slug":"agility","status":"publish","type":"page","link":"https:\/\/wewasc.com\/?page_id=276","title":{"rendered":"Agility &#8211; Ergebnisse"},"content":{"rendered":"\n<figure class=\"wp-block-table alignwide is-style-stripes\"><table class=\"has-background has-fixed-layout\" style=\"background-color:#e9fbe5\"><tbody><tr><td><strong>ASCA Agility Trials 202<\/strong>3<\/td><td><\/td><\/tr><tr><td>14.-16.07.2023<\/td><td><a href=\"https:\/\/wewasc.com\/wp-d1b8d-content\/uploads\/2023\/07\/Einzelergebnisse.pdf\">Agility Trial bei HSV Weilheim u.U. e.V., Deutschland<\/a><\/td><\/tr><tr><td><strong>ASCA Agility Trials 2022<\/strong><\/td><td><\/td><\/tr><tr><td>27.05.-29.05.2022<\/td><td><a href=\"https:\/\/wewasc.com\/wp-d1b8d-content\/uploads\/2023\/01\/Einzelergebnisse.pdf\">Agility Trial in B\u00f6heimkirchen \u2013 N\u00d6, \u00d6sterreich<\/a><\/td><\/tr><tr><td>09.01.2022<\/td><td><a href=\"https:\/\/wewasc.com\/wp-d1b8d-content\/uploads\/2022\/01\/Einzelergebnisse_09.01.2022.pdf\">Agility Trial in Bad Fischau &#8211; &#8222;Die Hundesporthalle&#8220;, \u00d6sterreich<\/a><\/td><\/tr><tr><td>06.-08.01.2022<\/td><td><a href=\"https:\/\/wewasc.com\/wp-d1b8d-content\/uploads\/2022\/01\/Einzelergebnisse_06.-08.01.2022.pdf\">Agility Trial in Bad Fischau &#8211; &#8222;Die Hundesporthalle&#8220;, \u00d6sterreich<\/a><\/td><\/tr><tr><td><strong>ASCA Agility Trials 2021<\/strong><\/td><td><\/td><\/tr><tr><td>29.10.-01.11.2021<\/td><td><a href=\"https:\/\/wewasc.com\/wp-d1b8d-content\/uploads\/2021\/11\/Einzelergebnisse-Koenigsetten-Oct_Nov-2021.pdf\">Agility Trial bei DogMotion in K\u00f6nigstetten, \u00d6sterreich<\/a><\/td><\/tr><tr><td>27.08.-29.08.2021<\/td><td><a href=\"https:\/\/wewasc.com\/wp-d1b8d-content\/uploads\/2021\/09\/Auswertung-Boeheimkirchen_August-2021.pdf\">Agility Trial in B\u00f6heimkirchen &#8211; N\u00d6, \u00d6sterreich<\/a><\/td><\/tr><tr><td>30.07.-01.08.2021<\/td><td><a href=\"https:\/\/wewasc.com\/wp-d1b8d-content\/uploads\/2021\/09\/Auswertung-Margarethen_Juli_August-2021.pdf\">Agility Trial in St. Margarethen\/Raab &#8211; N\u00d6, \u00d6sterreich<\/a><\/td><\/tr><tr><td><strong>ASCA Agility Trials 2020<\/strong><\/td><td><\/td><\/tr><tr><td>04.-06.01.2020<\/td><td><a href=\"https:\/\/wewasc.com\/wp-d1b8d-content\/uploads\/2020\/11\/20200104_06_Agility_Einzelergebnisse.pdf\">Agility Trial bei DogMotion in K\u00f6nigstetten, \u00d6sterreich<\/a><\/td><\/tr><tr><td>31.07.-02.08.2020<\/td><td><a href=\"https:\/\/wewasc.com\/wp-d1b8d-content\/uploads\/2020\/11\/20200731_0802_Agility_Ergebnisse_Margarethen.pdf\">Agility Trial in St. Margarethen\/Raab &#8211; N\u00d6, \u00d6sterreich<\/a><\/td><\/tr><tr><td>28.-30.08.2020<\/td><td><a href=\"https:\/\/wewasc.com\/wp-d1b8d-content\/uploads\/2020\/11\/20200828_30_Einzelergebnisse_Weilheim.pdf\">Agility Trial bei HSV Weilheim u.U. e.V., Deutschland<\/a><\/td><\/tr><tr><td><\/td><td><\/td><\/tr><\/tbody><\/table><\/figure>\n\n\n\n<p><\/p>\n","protected":false},"excerpt":{"rendered":"<p>ASCA Agility Trials 2023 14.-16.07.2023 Agility Trial bei HSV Weilheim u.U. e.V., Deutschland ASCA Agility Trials 2022 27.05.-29.05.2022 Agility Trial in B\u00f6heimkirchen \u2013 N\u00d6, \u00d6sterreich 09.01.2022 Agility Trial in Bad Fischau &#8211; &#8222;Die Hundesporthalle&#8220;, \u00d6sterreich 06.-08.01.2022 Agility Trial in Bad Fischau &#8211; &#8222;Die Hundesporthalle&#8220;, \u00d6sterreich ASCA Agility Trials 2021 29.10.-01.11.2021 Agility Trial bei DogMotion in &hellip; <a href=\"https:\/\/wewasc.com\/?page_id=276\" class=\"more-link\"><span class=\"screen-reader-text\">Agility &#8211; Ergebnisse<\/span> weiterlesen <span class=\"meta-nav\">&rarr;<\/span><\/a><\/p>\n","protected":false},"author":5,"featured_media":0,"parent":254,"menu_order":2,"comment_status":"closed","ping_status":"closed","template":"","meta":{"footnotes":""},"_links":{"self":[{"href":"https:\/\/wewasc.com\/index.php?rest_route=\/wp\/v2\/pages\/276"}],"collection":[{"href":"https:\/\/wewasc.com\/index.php?rest_route=\/wp\/v2\/pages"}],"about":[{"href":"https:\/\/wewasc.com\/index.php?rest_route=\/wp\/v2\/types\/page"}],"author":[{"embeddable":true,"href":"https:\/\/wewasc.com\/index.php?rest_route=\/wp\/v2\/users\/5"}],"replies":[{"embeddable":true,"href":"https:\/\/wewasc.com\/index.php?rest_route=%2Fwp%2Fv2%2Fcomments&post=276"}],"version-history":[{"count":24,"href":"https:\/\/wewasc.com\/index.php?rest_route=\/wp\/v2\/pages\/276\/revisions"}],"predecessor-version":[{"id":3683,"href":"https:\/\/wewasc.com\/index.php?rest_route=\/wp\/v2\/pages\/276\/revisions\/3683"}],"up":[{"embeddable":true,"href":"https:\/\/wewasc.com\/index.php?rest_route=\/wp\/v2\/pages\/254"}],"wp:attachment":[{"href":"https:\/\/wewasc.com\/index.php?rest_route=%2Fwp%2Fv2%2Fmedia&parent=276"}],"curies":[{"name":"wp","href":"https:\/\/api.w.org\/{rel}","templated":true}]}}