{"id":23,"date":"2020-03-26T12:09:13","date_gmt":"2020-03-26T10:09:13","guid":{"rendered":"https:\/\/www.wewasc.com\/?page_id=23"},"modified":"2020-06-02T19:04:59","modified_gmt":"2020-06-02T17:04:59","slug":"formulare","status":"publish","type":"page","link":"https:\/\/wewasc.com\/?page_id=23","title":{"rendered":"Formulare"},"content":{"rendered":"\n<p>Hier findest du alle f\u00fcr den  WEWASC e.V. relevanten Formulare:<\/p>\n\n\n\n<ul><li>Mitgliedsantrag<\/li><li>Formulare f\u00fcr Anzeigen<\/li><li>Meldeformulare<\/li><li>DSGVO<\/li><li>Einwilligungserkl\u00e4rung f\u00fcr Anzeigen auf der Homepage nach DSGVO<\/li><\/ul>\n\n\n\n<p><\/p>\n","protected":false},"excerpt":{"rendered":"<p>Hier findest du alle f\u00fcr den WEWASC e.V. relevanten Formulare: Mitgliedsantrag Formulare f\u00fcr Anzeigen Meldeformulare DSGVO Einwilligungserkl\u00e4rung f\u00fcr Anzeigen auf der Homepage nach DSGVO<\/p>\n","protected":false},"author":1,"featured_media":831,"parent":21,"menu_order":5,"comment_status":"closed","ping_status":"closed","template":"","meta":{"footnotes":""},"_links":{"self":[{"href":"https:\/\/wewasc.com\/index.php?rest_route=\/wp\/v2\/pages\/23"}],"collection":[{"href":"https:\/\/wewasc.com\/index.php?rest_route=\/wp\/v2\/pages"}],"about":[{"href":"https:\/\/wewasc.com\/index.php?rest_route=\/wp\/v2\/types\/page"}],"author":[{"embeddable":true,"href":"https:\/\/wewasc.com\/index.php?rest_route=\/wp\/v2\/users\/1"}],"replies":[{"embeddable":true,"href":"https:\/\/wewasc.com\/index.php?rest_route=%2Fwp%2Fv2%2Fcomments&post=23"}],"version-history":[{"count":3,"href":"https:\/\/wewasc.com\/index.php?rest_route=\/wp\/v2\/pages\/23\/revisions"}],"predecessor-version":[{"id":854,"href":"https:\/\/wewasc.com\/index.php?rest_route=\/wp\/v2\/pages\/23\/revisions\/854"}],"up":[{"embeddable":true,"href":"https:\/\/wewasc.com\/index.php?rest_route=\/wp\/v2\/pages\/21"}],"wp:featuredmedia":[{"embeddable":true,"href":"https:\/\/wewasc.com\/index.php?rest_route=\/wp\/v2\/media\/831"}],"wp:attachment":[{"href":"https:\/\/wewasc.com\/index.php?rest_route=%2Fwp%2Fv2%2Fmedia&parent=23"}],"curies":[{"name":"wp","href":"https:\/\/api.w.org\/{rel}","templated":true}]}}