{"id":2,"date":"2014-04-10T12:58:30","date_gmt":"2014-04-10T10:58:30","guid":{"rendered":"http:\/\/wp12095842.server-he.de\/wordpress\/?page_id=2"},"modified":"2020-05-31T18:39:58","modified_gmt":"2020-05-31T16:39:58","slug":"beispiel-seite","status":"publish","type":"page","link":"https:\/\/wewasc.com\/?page_id=2","title":{"rendered":"Der Verein"},"content":{"rendered":"<div class=\"imTACenter\"><b class=\"fs11lh1-5\"><span class=\"fs12lh1-5\">Der WEWASC e.V. (Western Europe Working Australian Shepherd Club e.V.)<\/span> <span class=\"fs12lh1-5\">ist ein europ\u00e4ischer, ins Vereinsregister Aschaffenburg (Deutschland) eingetragener und an den ASCA inc. (Australian Shepherd of America inc.) angeschlossener Club.<\/span><\/b><\/div>\n<div class=\"imTACenter\"><b>\u00a0<\/b><\/div>\n<div class=\"imTACenter\">\n<div class=\"imTACenter\"><b><span class=\"fs12lh1-5\">Erstes Ziel des WEWASC e.V. ist es, die Arbeitsleistung dieser Rasse zu f\u00f6rdern<br \/>\nund stetig zu verbessern, durch<br \/>\n<\/span><\/b><b><span class=\"fs11lh1-5\">\u00a0&#8211; <\/span><span class=\"imTALeft fs12lh1-5\">die zuchttechnisch relevante \u00dcberpr\u00fcfung von F\u00e4higkeit, Leistung und Gesundheit<br \/>\n<\/span><span class=\"imTALeft fs12lh1-5\">\u00a0&#8211; die fachgerechte Ausbildung von Hunden und Haltern \u00a0\u00a0\u00a0\u00a0\u00a0\u00a0\u00a0\u00a0\u00a0\u00a0<\/span><\/b><\/div>\n<\/div>\n","protected":false},"excerpt":{"rendered":"<p>Der WEWASC e.V. (Western Europe Working Australian Shepherd Club e.V.) ist ein europ\u00e4ischer, ins Vereinsregister Aschaffenburg (Deutschland) eingetragener und an den ASCA inc. (Australian Shepherd of America inc.) angeschlossener Club. \u00a0 Erstes Ziel des WEWASC e.V. ist es, die Arbeitsleistung dieser Rasse zu f\u00f6rdern und stetig zu verbessern, durch \u00a0&#8211; die zuchttechnisch relevante \u00dcberpr\u00fcfung von &hellip; <a href=\"https:\/\/wewasc.com\/?page_id=2\" class=\"more-link\"><span class=\"screen-reader-text\">Der Verein<\/span> weiterlesen <span class=\"meta-nav\">&rarr;<\/span><\/a><\/p>\n","protected":false},"author":1,"featured_media":186,"parent":0,"menu_order":2,"comment_status":"closed","ping_status":"closed","template":"","meta":{"footnotes":""},"_links":{"self":[{"href":"https:\/\/wewasc.com\/index.php?rest_route=\/wp\/v2\/pages\/2"}],"collection":[{"href":"https:\/\/wewasc.com\/index.php?rest_route=\/wp\/v2\/pages"}],"about":[{"href":"https:\/\/wewasc.com\/index.php?rest_route=\/wp\/v2\/types\/page"}],"author":[{"embeddable":true,"href":"https:\/\/wewasc.com\/index.php?rest_route=\/wp\/v2\/users\/1"}],"replies":[{"embeddable":true,"href":"https:\/\/wewasc.com\/index.php?rest_route=%2Fwp%2Fv2%2Fcomments&post=2"}],"version-history":[{"count":4,"href":"https:\/\/wewasc.com\/index.php?rest_route=\/wp\/v2\/pages\/2\/revisions"}],"predecessor-version":[{"id":623,"href":"https:\/\/wewasc.com\/index.php?rest_route=\/wp\/v2\/pages\/2\/revisions\/623"}],"wp:featuredmedia":[{"embeddable":true,"href":"https:\/\/wewasc.com\/index.php?rest_route=\/wp\/v2\/media\/186"}],"wp:attachment":[{"href":"https:\/\/wewasc.com\/index.php?rest_route=%2Fwp%2Fv2%2Fmedia&parent=2"}],"curies":[{"name":"wp","href":"https:\/\/api.w.org\/{rel}","templated":true}]}}