{"id":103,"date":"2020-05-18T21:57:27","date_gmt":"2020-05-18T19:57:27","guid":{"rendered":"https:\/\/www.wewasc.com\/?page_id=103"},"modified":"2024-06-09T21:16:15","modified_gmt":"2024-06-09T19:16:15","slug":"vorstand","status":"publish","type":"page","link":"https:\/\/wewasc.com\/?page_id=103","title":{"rendered":"Western Europe Working Australian Shepherd Club"},"content":{"rendered":"\n<div class=\"wp-block-media-text alignwide\" style=\"grid-template-columns:21% auto\"><figure class=\"wp-block-media-text__media\"><img loading=\"lazy\" decoding=\"async\" width=\"1024\" height=\"683\" src=\"https:\/\/wewasc.com\/wp-d1b8d-content\/uploads\/2020\/06\/Sandra-1024x683.jpg\" alt=\"\" class=\"wp-image-880 size-full\" srcset=\"https:\/\/wewasc.com\/wp-d1b8d-content\/uploads\/2020\/06\/Sandra-1024x683.jpg 1024w, https:\/\/wewasc.com\/wp-d1b8d-content\/uploads\/2020\/06\/Sandra-300x200.jpg 300w, https:\/\/wewasc.com\/wp-d1b8d-content\/uploads\/2020\/06\/Sandra-768x512.jpg 768w, https:\/\/wewasc.com\/wp-d1b8d-content\/uploads\/2020\/06\/Sandra.jpg 1280w\" sizes=\"(max-width: 1024px) 100vw, 1024px\" \/><\/figure><div class=\"wp-block-media-text__content\">\n<p><strong>President:<\/strong><br><em>Sandra Zilch<br>Haibacherstr. 118<br>63768 H\u00f6sbach-Winzenhohl<br>Deutschland<br>phone: +49 (0)&nbsp;160 6116532<\/em><br><br>e-mail:&nbsp;<a href=\"mailto: president@wewasc.com\">Sandra Zilch<\/a><\/p>\n<\/div><\/div>\n\n\n\n<p>Mein Mann Lorenz und ich leben auf einem Bauernhof bei Aschaffenburg, ca. eine halbe Stunde s\u00fcd-\u00f6stlich von Frankfurt\/Main. Wir bearbeiten etwa 35 ha Gr\u00fcnland, z\u00fcchten Rinder, Schafe, Enten und Hunde. <\/p>\n\n\n\n<p>Bis 2011 gab es noch den Betriebszweig Westernpferdeausbildung. Seit 1991 haben wir Australian Shepherds, die im Betrieb f\u00fcr die anfallenden Arbeiten eingesetzt werden. <\/p>\n\n\n\n<p>Ich bin seit 2004 im WEWASC aktiv. Wir organisieren zwei bis drei ASCA Trials jedes Jahr auf unserem Hof. Ich denke da\u00df die Arbeit f\u00fcr diesen Club essentiell wichtig ist, um den f\u00fcr die H\u00fctearbeit gez\u00fcchteten Aussie in Europa zu verbessern, zu bewerben und zu verbreiten.<\/p>\n\n\n\n<div class=\"wp-block-media-text alignwide\" style=\"grid-template-columns:21% auto\"><figure class=\"wp-block-media-text__media\"><img loading=\"lazy\" decoding=\"async\" width=\"225\" height=\"149\" src=\"https:\/\/wewasc.com\/wp-d1b8d-content\/uploads\/2020\/11\/Susanne.jpg\" alt=\"\" class=\"wp-image-1651 size-full\"\/><\/figure><div class=\"wp-block-media-text__content\">\n<p><strong>Vice President:<\/strong><br><em>Susanne Schwarzmann<br>F. Porsche G. 26<br>2603&nbsp;Felixdorf<br>\u00d6sterreich<br>phone: +43 (0)699 11106440<\/em><br><br>e-mail:&nbsp;<a href=\"mailto: vicepresident@wewasc.com\">Susanne Schwarzmann<\/a><\/p>\n<\/div><\/div>\n\n\n\n<p>Mein Freund, Roland und ich wohnen in \u00d6sterreich genauer gesagt im s\u00fcdlichen Nieder\u00f6sterreich.Wir besch\u00e4ftigen uns seit 1996 intensiv mit Hunden und haben uns auch den Traum der eigenenSchafe durch eine kleine Herde erf\u00fcllen k\u00f6nnen.<br><br>Unser Rudel besteht derzeit aus sieben Australian Shepherd sowie einem Kleinpudel. Neben unseren sportlichen Ambitionen haben wir uns eine kleine Australian Shepherd Zucht in \u00d6sterreich aufgebaut. <\/p>\n\n\n\n<p>Wir arbeiten mit unseren Hunden in den Bereichen, Agility, H\u00fcten und Obedience. Uns findet man regelm\u00e4\u00dfig auf div. H\u00fctetrials und Agility-Turnieren in ganz Europa. Neben den Start bei diversen Bewerben und Wettk\u00e4mpfen versuchen wir uns auch laufend weiterzubilden und besuchen immer wieder H\u00fcte- bzw. Agility-Seminare im In- und Ausland. Dar\u00fcber hinaus organisieren wir regelm\u00e4\u00dfig H\u00fcteseminare auf unserem eigenen Gel\u00e4nde, wo wir immer wieder versuchen namhafte Trainer zu uns zu holen.<\/p>\n\n\n\n<div class=\"wp-block-media-text alignwide\" style=\"grid-template-columns:20% auto\"><figure class=\"wp-block-media-text__media\"><img loading=\"lazy\" decoding=\"async\" width=\"1024\" height=\"933\" src=\"https:\/\/wewasc.com\/wp-d1b8d-content\/uploads\/2024\/06\/Carolina-1024x933.jpeg\" alt=\"\" class=\"wp-image-3926 size-full\" srcset=\"https:\/\/wewasc.com\/wp-d1b8d-content\/uploads\/2024\/06\/Carolina-1024x933.jpeg 1024w, https:\/\/wewasc.com\/wp-d1b8d-content\/uploads\/2024\/06\/Carolina-300x273.jpeg 300w, https:\/\/wewasc.com\/wp-d1b8d-content\/uploads\/2024\/06\/Carolina-768x700.jpeg 768w, https:\/\/wewasc.com\/wp-d1b8d-content\/uploads\/2024\/06\/Carolina-1536x1400.jpeg 1536w, https:\/\/wewasc.com\/wp-d1b8d-content\/uploads\/2024\/06\/Carolina-2048x1866.jpeg 2048w\" sizes=\"(max-width: 1024px) 100vw, 1024px\" \/><\/figure><div class=\"wp-block-media-text__content\">\n<p><strong>Affiliate Representative:<\/strong><br><em>Carolina Anhamm<\/em><br><em>Molkereistr. 54<\/em><br><em>47475 Kamp-Lintfort<\/em><br><em>Deutschland<\/em><br><em>phone: +49&nbsp;(0)&nbsp;151 40021180<\/em><\/p>\n\n\n\n<p><em>email:&nbsp;<\/em><a href=\"mailto: affrep@wewasc.com\">Carolina Anhamm<\/a><\/p>\n<\/div><\/div>\n\n\n\n<p>Seit 2003 begleiten mich, Carolina Anhamm, Australian Shepherds und ich bin Mitglied beim ASCA. 1 Jahr sp\u00e4ter, in 2004,&nbsp;&nbsp;habe ich meinen ersten Trial besucht und wurde Mitglied im WEWASC.&nbsp;<\/p>\n\n\n\n<p>Es war urspr\u00fcnglich nicht meine Absicht mit meinem ersten Aussie zu trialen, aber ich m\u00f6chte gerne die Arbeitsbereitschaft vom Australian Shepherd erhalten, weil ich sehe wie meine Hunde mir helfen k\u00f6nnen in unserem Milchviehbetrieb in NRW.&nbsp;&nbsp;Im Team zu arbeiten macht mehr Spa\u00df und ist effizienter.<\/p>\n\n\n\n<p>Durch Trials habe ich die M\u00f6glichkeit zu sehen, wie die Hunde arbeiten und deren Working Instinct zu unterst\u00fctzen und ich kann von anderen lernen.<\/p>\n\n\n\n<div class=\"wp-block-media-text alignwide\" style=\"grid-template-columns:21% auto\"><figure class=\"wp-block-media-text__media\"><img loading=\"lazy\" decoding=\"async\" width=\"683\" height=\"1024\" src=\"https:\/\/wewasc.com\/wp-d1b8d-content\/uploads\/2024\/02\/IMG_9913-683x1024.jpg\" alt=\"\" class=\"wp-image-3817 size-full\" srcset=\"https:\/\/wewasc.com\/wp-d1b8d-content\/uploads\/2024\/02\/IMG_9913-683x1024.jpg 683w, https:\/\/wewasc.com\/wp-d1b8d-content\/uploads\/2024\/02\/IMG_9913-200x300.jpg 200w, https:\/\/wewasc.com\/wp-d1b8d-content\/uploads\/2024\/02\/IMG_9913-768x1152.jpg 768w, https:\/\/wewasc.com\/wp-d1b8d-content\/uploads\/2024\/02\/IMG_9913-1024x1536.jpg 1024w, https:\/\/wewasc.com\/wp-d1b8d-content\/uploads\/2024\/02\/IMG_9913-1365x2048.jpg 1365w, https:\/\/wewasc.com\/wp-d1b8d-content\/uploads\/2024\/02\/IMG_9913-scaled.jpg 1707w\" sizes=\"(max-width: 683px) 100vw, 683px\" \/><\/figure><div class=\"wp-block-media-text__content\">\n<p><strong>Treasurer:<\/strong><br><em>Anita Lukas<\/em><br><em>Mutzbroicher Stra\u00dfe 6<\/em><br><em>51519 Odenthal<\/em><br><em>Deutschland<\/em><br><em>phone: +49&nbsp;(0)&nbsp;1573 8826547<\/em><\/p>\n\n\n\n<p><em>email:&nbsp;<\/em><a href=\"mailto:Treasurer@wewasc.com\" data-type=\"mailto\" data-id=\"mailto:Treasurer@wewasc.com\">Anita Lukas<\/a><\/p>\n<\/div><\/div>\n\n\n\n<p>Mein Mann Hubert und ich leben vor den Toren K\u00f6lns im sch\u00f6nen Bergischen Land. Mit Pferden begann mein Traum mit den Tieren.<\/p>\n\n\n\n<p>Dann kamen vor 20 Jahren der erste Hund und sp\u00e4ter dann die Aussies. Und damit kam das Interesse an der H\u00fctearbeit und den Schafen.<\/p>\n\n\n\n<p>Seit einigen Jahren habe ich mit einem Freund zusammen eine Schafherde, &nbsp;die von mir und meinem Aussie betreut werden.<br class=\"\">Ich bin auch seit vielen Jahren Mitglied beim WEWASC, den ich nun aktiv unterst\u00fctzen m\u00f6chte als Schatzmeister.<\/p>\n\n\n\n<div class=\"wp-block-media-text alignwide\" style=\"grid-template-columns:22% auto\"><figure class=\"wp-block-media-text__media\"><img loading=\"lazy\" decoding=\"async\" width=\"225\" height=\"147\" src=\"https:\/\/wewasc.com\/wp-d1b8d-content\/uploads\/2020\/11\/Nicole_K.jpg\" alt=\"\" class=\"wp-image-1653 size-full\"\/><\/figure><div class=\"wp-block-media-text__content\">\n<p><strong>Secretary:&nbsp;<\/strong><br><em>Nicole Knor<\/em><br><em>Allmandstrasse 34<\/em><br><em>88045&nbsp;Friedrichshafen<\/em><br><em>Deutschland<\/em><br><em>phone: +49 (0) 7541 75558<\/em><\/p>\n\n\n\n<p><em>email:&nbsp;<\/em><a href=\"mailto: secretary@wewasc.com\">Nicole Knor<\/a><\/p>\n<\/div><\/div>\n\n\n\n<p>Mein Name ist Nicole Knor.Mein &nbsp;Mann und ich f\u00fchren seit 25 Jahren einen Handwerksbetrieb. B\u00fcroarbeit &nbsp;und Buchhaltung geh\u00f6ren seitdem zu meinem Arbeitsalltag und sind mir &nbsp;nicht fremd.<br><br>Seit &nbsp;meiner Kindheit begleiten mich Hunde durch mein Leben. &nbsp;Durchs &nbsp;Westernreiten bin ich Mitte der 90er Jahre auf den Australian Shepherd &nbsp;gesto\u00dfen und war von dieser Rasse sehr angetan. 2006 zog der erste &nbsp;Australian Shepherd bei uns ein und mit ihm und durch ihn kn\u00fcpfte ich &nbsp;dann auch die ersten Kontakte zu H\u00fcteevents und Trials. Kurz darauf importierte ich einen weiteren Aussie aus den USA und nahm dann auch regelm\u00e4\u00dfig an Unterricht und Seminaren teil.<br><br>Die &nbsp;ersten Schafe lie\u00dfen nicht lange auf sich warten. Inzwischen haben wir &nbsp;eine Herdengr\u00f6\u00dfe von knapp 50 Tieren und unsere Hunde arbeiten t\u00e4glich &nbsp;am Vieh. Durch die Jahre ist auch ein Trainingsareal mit verschiedenen &nbsp;Anspr\u00fcchen entstanden, so da\u00df wir selbst zweimal im Jahr H\u00fcteseminare &nbsp;mit Profitrainern an unserem Platz anbieten k\u00f6nnen.<br><br>2008 bin ich dem WEWASC beigetreten und auch im ASCA bin ich Vollmitglied.<br><br>Mit &nbsp;dem dritten Aussie habe ich angefangen auf Trials zu starten und &nbsp;&nbsp;inzwischen selbst einen Farmtrial bei uns organisiert, was ich gerne &nbsp;weiterf\u00fchren m\u00f6chte.<br><br>Durch &nbsp;meine Mitarbeit im WEWASC m\u00f6chte ich &nbsp;den Verein aktiv unterst\u00fctzen, &nbsp;den Australian Shepherd als Arbeitshund zu erhalten und zu f\u00f6rdern.<\/p>\n\n\n\n<p class=\"has-text-align-center\"><strong>Past Boards of Directors<\/strong><\/p>\n\n\n\n<div class=\"wp-block-group\"><div class=\"wp-block-group__inner-container is-layout-flow wp-block-group-is-layout-flow\">\n<figure class=\"wp-block-table\"><table><tbody><tr><td><strong>bis \/ until 2023<\/strong><\/td><td><strong>Sandra Zilch<\/strong>\u00a0(President)<br><strong>Susanne Schwarzmann<\/strong>\u00a0(Vice President)<br><strong>Kay Pieper<\/strong>\u00a0(Affiliate Representative)<br><strong>Raphaelle Hischier\u00a0<\/strong>(Treasurer)<br><strong>Nicole Knor<\/strong>\u00a0(Secretary)<\/td><\/tr><tr><td><strong>bis \/ until 2021<\/strong><\/td><td><strong>Sandra Zilch<\/strong>&nbsp;(President)<br><strong>Susanne Schwarzmann<\/strong>&nbsp;(Vice President)<br><strong>Kay Pieper<\/strong>&nbsp;(Affiliate Representative)<br><strong>Raphaelle Hischier&nbsp;<\/strong>(Treasurer, kommissarisch)<br><strong>Nicole Knor<\/strong>&nbsp;(Secretary)<\/td><\/tr><tr><td><strong>bis \/ until 2019<\/strong><\/td><td><br><strong>Sandra Zilch<\/strong>&nbsp;(President)<br><strong>Natascha Hartmann<\/strong>&nbsp;(Vice President)<br><strong>Kay Pieper<\/strong>&nbsp;(Affiliate Representative)<br><strong>Nicole Linnemann&nbsp;<\/strong>(Treasurer)<br><strong>Georg Vater<\/strong>&nbsp;(Secretary, kommissarisch)<\/td><\/tr><tr><td><strong>bis \/ until 2017<\/strong><\/td><td><strong>Sandra Zilch<\/strong>&nbsp;(President)<br><strong>Natascha Hartmann<\/strong>&nbsp;(Vice President)<br><strong>Kay Pieper<\/strong>&nbsp;(Affiliate Representative)<br><strong>Nicole Linnemann&nbsp;<\/strong>(Treasurer)<br><strong>Ira Schlaghecken<\/strong>&nbsp;(Secretary)<\/td><\/tr><tr><td><strong>bis \/ until 2015<\/strong><\/td><td><strong>Sandra Zilch<\/strong>&nbsp;(President)<br><strong>Natascha Hartmann<\/strong>&nbsp;(Vice President)<br><strong>Kay Pieper<\/strong>&nbsp;(Affiliate Representative)<br><strong>Nicole Linnemann&nbsp;<\/strong>(Treasurer)<br><strong>Ira Schlaghecken<\/strong>&nbsp;(Secretary)<\/td><\/tr><tr><td><strong>bis \/ until 2013<\/strong><\/td><td><strong>Sandra Zilch<\/strong>&nbsp;(President)<br><strong>Susanne Schwarzmann<\/strong>&nbsp;(Vice President)<br><strong>Kay Pieper<\/strong>&nbsp;(Affiliate Representative)<br><strong>Carmen Czieszo<\/strong>, <strong>Nicole Linnemann&nbsp;<\/strong>(Treasurer)&nbsp;<br><strong>Georg Vater<\/strong>&nbsp;(Secretary)<\/td><\/tr><tr><td><strong>bis \/ until 2011<\/strong><\/td><td><strong>Sandra Zilch<\/strong>&nbsp;(President)<br><strong>Susanne Schwarzmann<\/strong>&nbsp;(Vice President)<br><strong>Anneke de Jong<\/strong>&nbsp;(Affiliate Representative)<br><strong>Carmen Czieszo<\/strong>&nbsp;(Treasurer)<br><strong>Georg Vater<\/strong>(Secretary)<\/td><\/tr><tr><td><strong>bis \/ until 2009<\/strong><\/td><td><strong>Sandra Zilch<\/strong>&nbsp;(President)<br><strong>Anneke de Jong<\/strong>&nbsp;(Vice President)<br><strong>Anneke de Jong<\/strong>&nbsp;(Affiliate Representative)<br><strong>Carola Hilkerb\u00e4umer<\/strong>&nbsp;(Treasurer)<br><strong>Georg Vater<\/strong>(Secretary)<\/td><\/tr><tr><td><strong>bis \/ until 2007<\/strong><\/td><td><strong>Sandra Zilch<\/strong>&nbsp;(President)<br><strong>Anneke de Jong<\/strong>&nbsp;(Vice President)<br><strong>Anneke de Jong<\/strong>&nbsp;(Affiliate Representative)<br><strong>Carola Hilkerb\u00e4umer<\/strong>&nbsp;(Treasurer)<br><strong>Georg Vater<\/strong>(Secretary)<\/td><\/tr><tr><td><strong>bis \/ until 2005<\/strong><\/td><td><strong>Sandra Zilch<\/strong>&nbsp;(President)<br><strong>Sandra Lippert<\/strong>&nbsp;(Vice President)<br><strong>Anneke de Jong<\/strong>&nbsp;(Affiliate Representative)<br><strong>Joost Boer<\/strong>&nbsp;(Treasurer)<br><strong>Dagmar Lindemann<\/strong>&nbsp;(Secretary)<\/td><\/tr><tr><td><strong>bis \/ until 2003<\/strong><\/td><td><strong>Burkhard Krause<\/strong>&nbsp;(President)<br><strong>Sandra Zilch<\/strong>&nbsp;(Vice President)<br><strong>Anneke de Jong<\/strong>&nbsp;(Affiliate Representative)<br><strong>Joost Boer<\/strong>&nbsp;(Treasurer)<br><strong>Dagmar Lindemann<\/strong>&nbsp;(Secretary)<\/td><\/tr><tr><td><strong>bis \/ until 2002<\/strong><\/td><td><strong>Maarten Walter<\/strong>&nbsp;(President)<br><strong>Burkhard Krause<\/strong>&nbsp;(Vice President)<br><strong>Lena Stangvik<\/strong>&nbsp;(Affiliate Representative)<br><strong>Joost Boer<\/strong>&nbsp;(Treasurer)<br><strong>Dagmar Lindemann<\/strong>&nbsp;(Secretary)<\/td><\/tr><\/tbody><\/table><\/figure>\n<\/div><\/div>\n","protected":false},"excerpt":{"rendered":"<p>President:Sandra ZilchHaibacherstr. 11863768 H\u00f6sbach-WinzenhohlDeutschlandphone: +49 (0)&nbsp;160 6116532 e-mail:&nbsp;Sandra Zilch Mein Mann Lorenz und ich leben auf einem Bauernhof bei Aschaffenburg, ca. eine halbe Stunde s\u00fcd-\u00f6stlich von Frankfurt\/Main. Wir bearbeiten etwa 35 ha Gr\u00fcnland, z\u00fcchten Rinder, Schafe, Enten und Hunde. Bis 2011 gab es noch den Betriebszweig Westernpferdeausbildung. Seit 1991 haben wir Australian Shepherds, die im &hellip; <a href=\"https:\/\/wewasc.com\/?page_id=103\" class=\"more-link\"><span class=\"screen-reader-text\">Western Europe Working Australian Shepherd Club<\/span> weiterlesen <span class=\"meta-nav\">&rarr;<\/span><\/a><\/p>\n","protected":false},"author":1,"featured_media":392,"parent":2,"menu_order":2,"comment_status":"closed","ping_status":"closed","template":"","meta":{"footnotes":""},"_links":{"self":[{"href":"https:\/\/wewasc.com\/index.php?rest_route=\/wp\/v2\/pages\/103"}],"collection":[{"href":"https:\/\/wewasc.com\/index.php?rest_route=\/wp\/v2\/pages"}],"about":[{"href":"https:\/\/wewasc.com\/index.php?rest_route=\/wp\/v2\/types\/page"}],"author":[{"embeddable":true,"href":"https:\/\/wewasc.com\/index.php?rest_route=\/wp\/v2\/users\/1"}],"replies":[{"embeddable":true,"href":"https:\/\/wewasc.com\/index.php?rest_route=%2Fwp%2Fv2%2Fcomments&post=103"}],"version-history":[{"count":27,"href":"https:\/\/wewasc.com\/index.php?rest_route=\/wp\/v2\/pages\/103\/revisions"}],"predecessor-version":[{"id":3932,"href":"https:\/\/wewasc.com\/index.php?rest_route=\/wp\/v2\/pages\/103\/revisions\/3932"}],"up":[{"embeddable":true,"href":"https:\/\/wewasc.com\/index.php?rest_route=\/wp\/v2\/pages\/2"}],"wp:featuredmedia":[{"embeddable":true,"href":"https:\/\/wewasc.com\/index.php?rest_route=\/wp\/v2\/media\/392"}],"wp:attachment":[{"href":"https:\/\/wewasc.com\/index.php?rest_route=%2Fwp%2Fv2%2Fmedia&parent=103"}],"curies":[{"name":"wp","href":"https:\/\/api.w.org\/{rel}","templated":true}]}}